{"id":229,"date":"2018-10-30T15:55:56","date_gmt":"2018-10-30T15:55:56","guid":{"rendered":"https:\/\/votreaugmentationmammaire.ch\/?page_id=229"},"modified":"2020-07-01T07:17:39","modified_gmt":"2020-07-01T07:17:39","slug":"ueber-uns","status":"publish","type":"page","link":"https:\/\/votreaugmentationmammaire.ch\/de\/ueber-uns\/","title":{"rendered":"\u00dcber uns"},"content":{"rendered":"<div class=\"row\">\r\n<div class=\"col-md-10 col-lg-8 aligncenter\">\r\n<p class=\"lead\">Der Name Bellefontaine ist inspiriert von dem Geb\u00e4ude der Klinik in dessen Eingangshalle sich ein Brunnen aus dem Jahr 1926 befindet. In Bellefontaine bieten wir Ihnen die modernsten Techniken auf dem Gebiet der Medizin und Sch\u00f6nheitschirurgie in einem Zentrum mit h\u00f6chsten Sicherheits- und Qualit\u00e4tsstandards. Die Klinik- und Operationsr\u00e4ume sind FMH anerkannt und zertifiziert. Sie erf\u00fcllen h\u00f6chste Sicherheits und Qualit\u00e4tsstandards. Mit Standorten in Z\u00fcrich und Lausanne, bietet die Klinik Bellefontaine unter der Leitung von Dr. med. Yann Favre individuelle chirurgische Eingriffe in ambulantem Setting.<\/p>\r\n\r\n<\/div>\r\n<\/div>\r\n<div class=\"row\">\r\n<div class=\"col\">\r\n<h2>Das Team\r\nder Klinik Bellefontaine<\/h2>\r\n<\/div>\r\n<\/div>\r\n\r\n<hr \/>\r\n\r\n<div class=\"row\">\r\n<div class=\"col-md-10 col-lg-8 offset-md-1 offset-lg-2\"><img src=\"https:\/\/votreaugmentationmammaire.ch\/wp-content\/uploads\/2018\/10\/Yann-Favre-Portrait.jpg\" alt=\"\" \/><\/div>\r\n<\/div>\r\n\r\n<div class=\"row\" style=\"margin-top: 40px;\">\r\n<div class=\"col-md-3 offset-md-1 offset-lg-2\">\r\n<h3>Dr. med. Yann Favre<\/h3>\r\nFMH Plastische und\r\naesthetische Chirugie\r\nEBOPRAS Plastische und aesthetische Chirurgie\r\n\r\n<\/div>\r\n<div class=\"col-md-7 col-lg-5\">\r\n\r\nDr. med. Yann Favre \u2013 Facharzt FMH &amp; EBOPRAS f\u00fcr Plastische, Rekonstruktive und \u00c4sthetische Chirurgie \u2013 ist Mitglied der Schweizerischen Gesellschaft f\u00fcr Plastische, Rekonstruktive und \u00c4stetischen Chirurgie Er ist Inhaber und medizinische Leiter der Klinik Bellefontaine. Die Expertise von Dr. med. Yann Favre basiert auf mehr als 13 Jahren operative Erfahrung in plastisch-\u00e4sthetischen Eingriffen in Kliniken und Universit\u00e4tsspit\u00e4lern in der Schweiz sowie im Ausland. Dr. med. Yann Favre operiert j\u00e4hrlich 600 Eingriffe in Z\u00fcrich und Lausanne mit Schwerpunkten in Fettabsaugung, Lipofilling, Brustvergr\u00f6sserung, Lidstraffung und Anti-Aging mit Botulinum und Hyaluron Sa\u00fcre \u2013 Filler. Um ein hohes Qualit\u00e4tsniveau zu gew\u00e4hrleisten, ist es notwendig, regelm\u00e4\u00dfig die gleichen Eingriffe durchzuf\u00fchren. Unser Ziel ist, Ihnen in absoluter Wohlf\u00fchlatmosph\u00e4re und unter Einsatz neuster Techniken und Innovation zu Ihrem gew\u00fcnschten Aussehen zu verhelfen. Regelm\u00e4ssige Weiterbildungen auf nationalen und internationalen Kongressen gew\u00e4hren, dass das Team der Klinik Bellefontaine immer auf dem neusten Wissensstand der Technik und Anwendung sind. Einen detailierte Auflistung der wichtigsten Stationen im Werdegang von Herrn Dr. Favre, k\u00f6nnen Sie hier herunterladen.\r\n\r\n<\/div>\r\n<\/div>\r\n\r\n<div class=\"row\" style=\"margin-top: 40px;\">\r\n<div class=\"col col-md-5 col-lg-4 offset-md-1 offset-lg-2\">\r\n<img src=\"https:\/\/votreaugmentationmammaire.ch\/wp-content\/uploads\/2018\/10\/Gu\u0308lkan-Sahin.jpg\" alt=\"\" \/>\r\n<\/div>\r\n<div class=\"col col-md-5\">\r\n<h3>G\u00fclkan Sahin<\/h3>\r\nKlinikmanagerin\r\n<\/div>\r\n<\/div>\r\n\r\n<div class=\"row\" style=\"margin-top: 40px;\">\r\n<div class=\"col col-md-5 col-lg-4 offset-md-1 offset-lg-2\">\r\n<h3>In\u00e8s Lauzet<\/h3>\r\nMedizinische Kosmetikerin\r\n<\/div>\r\n\r\n<div class=\"col col-md-5 col-lg-4\">\r\n<img src=\"https:\/\/votreaugmentationmammaire.ch\/wp-content\/uploads\/2020\/06\/ines_lauzet.jpg\" alt=\"\" \/>\r\n<\/div>\r\n<\/div>\r\n\r\n<div class=\"row\" style=\"margin-top: 40px;\">\r\n<div class=\"col col-md-5 col-lg-4 offset-md-1 offset-lg-2\">\r\n<img src=\"https:\/\/votreaugmentationmammaire.ch\/wp-content\/uploads\/2018\/10\/Meret-Gisler.jpg\" alt=\"\" \/>\r\n<\/div>\r\n<div class=\"col col-md-5\">\r\n<h3>Meret Gisler<\/h3>\r\nMedizinische Praxisassistentin\r\n<\/div>\r\n<\/div>\r\n\r\n<div class=\"row\" style=\"margin-top: 40px;\">\r\n<div class=\"col col-md-5 col-lg-4 offset-md-1 offset-lg-2\">\r\n<h3>Nadia N\u00f6tzli<\/h3>\r\nMedizinische Praxisassistentin\r\n<\/div>\r\n<div class=\"col col-md-5 col-lg-4\">\r\n<img src=\"https:\/\/votreaugmentationmammaire.ch\/wp-content\/uploads\/2018\/10\/Nadia-Noetzli-1.jpg\" alt=\"\" \/>\r\n<\/div>\r\n<\/div>\r\n\r\n<div class=\"row\" style=\"margin-top: 40px;\">\r\n<div class=\"col col-md-5 col-lg-4 offset-md-1 offset-lg-2\">\r\n<img src=\"https:\/\/votreaugmentationmammaire.ch\/wp-content\/uploads\/2018\/10\/Denise-Hoxha.jpg\" alt=\"\" \/>\r\n<\/div>\r\n<div class=\"col col-md-5\">\r\n<h3>Denise Neziri<\/h3>\r\nMedizinische Praxisassistentin\r\n<\/div>\r\n<\/div>\r\n\r\n<div class=\"row\" style=\"margin-top: 40px;\">\r\n<div class=\"col col-md-5 col-lg-4 offset-md-1 offset-lg-2\">\r\n<h3>Laura Fraticelli<\/h3>\r\nKosmetikerin\r\n<\/div>\r\n<div class=\"col col-md-5 col-lg-4\">\r\n<img src=\"https:\/\/votreaugmentationmammaire.ch\/wp-content\/uploads\/2018\/10\/Lucera-Fraticelli.jpg\"\/>\r\n<\/div>\r\n<\/div>\r\n\r\n<div style=\"display: none;\">\r\n<div class=\"row\" style=\"margin-top: 40px;\">\r\n<div class=\"col col-md-5 col-lg-4 offset-md-1 offset-lg-2\">\r\n<img src=\"https:\/\/votreaugmentationmammaire.ch\/wp-content\/uploads\/2018\/10\/Nicolas-Vasey.jpg\" alt=\"\" \/>\r\n<\/div>\r\n<div class=\"col col-md-5\">\r\n<h3>Dr. med. Nicolas Vasey<\/h3>\r\nFMH An\u00e4sthesist\r\n<\/div>\r\n<\/div>\r\n\r\n<div class=\"row\" style=\"margin-top: 40px;\">\r\n<div class=\"col col-md-5 col-lg-4 offset-md-1 offset-lg-2\">\r\n<h3>Dr. Giovanni Gaggero<\/h3>\r\nFMH An\u00e4sthesist\r\n<\/div>\r\n<div class=\"col col-md-5 col-lg-4\">\r\n<img src=\"https:\/\/votreaugmentationmammaire.ch\/wp-content\/uploads\/2018\/10\/Giovanni-Gaggero.jpg\" alt=\"\" \/>\r\n<\/div>\r\n<\/div>\r\n\r\n<\/div>\r\n\r\n\r\n<div class=\"row\">\r\n<div class=\"col\">\r\n<h2>Kontakt<\/h2>\r\n<\/div>\r\n<\/div>\r\n\r\n<hr \/>\r\n\r\n<div class=\"row\">\r\n<div class=\"col-md-6 offset-md-1 offset-lg-3 aligncenter\">\r\n\r\nHaben Sie Fragen oder w\u00fcnschen Sie einen Termin bei uns ? Sie k\u00f6nnen uns Ihr Anliegen gerne \u00fcber unser Kontaktformular schreiben oder rufen Sie uns unter +41 44 221 33 44 an. Wir freuen uns auf Sie!\r\n\r\n<\/div>\r\n<\/div>\r\n<div class=\"row\">\r\n<div class=\"col-md-10 col-lg-8 offset-md-1 offset-lg-2\"><noscript class=\"ninja-forms-noscript-message\">\n    Hinweis: F\u00fcr diesen Inhalt ist JavaScript erforderlich.<\/noscript><div id=\"nf-form-2-cont\" class=\"nf-form-cont\" aria-live=\"polite\" aria-labelledby=\"nf-form-title-2\" aria-describedby=\"nf-form-errors-2\" role=\"form\">\n\n    <div class=\"nf-loading-spinner\"><\/div>\n\n<\/div>\n        <!-- TODO: Move to Template File. -->\n        <script>var formDisplay=1;var nfForms=nfForms||[];var form=[];form.id='2';form.settings={\"objectType\":\"Form Setting\",\"editActive\":true,\"title\":\"Kontakt\",\"key\":\"\",\"created_at\":\"2018-10-29 10:50:01\",\"show_title\":0,\"clear_complete\":\"1\",\"hide_complete\":0,\"currency\":\"usd\",\"wrapper_class\":\"\",\"element_class\":\"\",\"add_submit\":\"0\",\"logged_in\":\"\",\"not_logged_in_msg\":\"\",\"sub_limit_number\":\"\",\"sub_limit_msg\":\"\",\"fieldContentsData\":\"\",\"default_label_pos\":\"above\",\"unique_field_error\":\"Ein Formular mit diesem Wert wurde bereits \\u00fcbermittelt.\",\"calculations\":[],\"formContentData\":[\"vorname_1540810238424\",\"nachname_1540810246311\",\"e-mail_1540810250247\",\"telefon_1540810258326\",\"wuenschen_sie_einen_rueckruf_1556624355889\",\"wann_sollen_wir_sie_zurueckrufen_1556624463005\",\"mitteilung_1540810295214\",\"foto_hochladen_1540817922967\",\"formular_absenden_1541077545758\",\"type_formulaire_1763542783258\",\"gclid_1763540550020\"],\"changeEmailErrorMsg\":\"Bitte gib eine g\\u00fcltige E-Mail-Adresse ein.\",\"changeDateErrorMsg\":\"Bitte gib ein g\\u00fcltiges Datum ein!\",\"confirmFieldErrorMsg\":\"Diese Felder m\\u00fcssen \\u00fcbereinstimmen!\",\"fieldNumberNumMinError\":\"Die eingegebene Zahl ist zu klein.\",\"fieldNumberNumMaxError\":\"Die eingegebene Zahl ist zu gross.\",\"fieldNumberIncrementBy\":\"Bitte erh\\u00f6hen in Schritten von\",\"formErrorsCorrectErrors\":\"Bitte korrigiere die Fehler, bevor du das Formular sendest.\",\"validateRequiredField\":\"Dies ist ein Pflichtfeld.\",\"honeypotHoneypotError\":\"Honeypot-Fehler\",\"fieldsMarkedRequired\":\"Felder mit einem <span class=\\\"ninja-forms-req-symbol\\\">*<\\\/span> sind Pflichtfelder\",\"drawerDisabled\":false,\"conditions\":[{\"collapsed\":false,\"process\":1,\"connector\":\"all\",\"when\":[{\"connector\":\"AND\",\"key\":\"wuenschen_sie_einen_rueckruf_1556624355889\",\"comparator\":\"equal\",\"value\":\"checked\",\"type\":\"field\",\"modelType\":\"when\"}],\"then\":[{\"key\":\"wann_sollen_wir_sie_zurueckrufen_1556624463005\",\"trigger\":\"show_field\",\"value\":\"\",\"type\":\"field\",\"modelType\":\"then\"}],\"else\":[{\"key\":\"wann_sollen_wir_sie_zurueckrufen_1556624463005\",\"trigger\":\"hide_field\",\"value\":\"\",\"type\":\"field\",\"modelType\":\"else\"}]}],\"allow_public_link\":0,\"embed_form\":\"\",\"ninjaForms\":\"Ninja Forms\",\"fieldTextareaRTEInsertLink\":\"Link einf\\u00fcgen\",\"fieldTextareaRTEInsertMedia\":\"Medien einf\\u00fcgen\",\"fieldTextareaRTESelectAFile\":\"Eine Datei ausw\\u00e4hlen\",\"formHoneypot\":\"Falls du ein Mensch bist und dieses Feld siehst, dann lasse es bitte leer.\",\"fileUploadOldCodeFileUploadInProgress\":\"Datei-Upload l\\u00e4uft.\",\"fileUploadOldCodeFileUpload\":\"DATEI-UPLOAD\",\"currencySymbol\":\"&#67;&#72;&#70;\",\"thousands_sep\":\".\",\"decimal_point\":\",\",\"siteLocale\":\"de_DE\",\"dateFormat\":\"d\\\/m\\\/Y\",\"startOfWeek\":\"1\",\"of\":\"von\",\"previousMonth\":\"Vorheriger Monat\",\"nextMonth\":\"N\\u00e4chster Monat\",\"months\":[\"Januar\",\"Februar\",\"M\\u00e4rz\",\"April\",\"Mai\",\"Juni\",\"Juli\",\"August\",\"September\",\"Oktober\",\"November\",\"Dezember\"],\"monthsShort\":[\"Jan\",\"Feb\",\"Mrz\",\"Apr\",\"Mai\",\"Jun\",\"Jul\",\"Aug\",\"Sep\",\"Okt\",\"Nov\",\"Dez\"],\"weekdays\":[\"Sonntag\",\"Montag\",\"Dienstag\",\"Mittwoch\",\"Donnerstag\",\"Freitag\",\"Samstag\"],\"weekdaysShort\":[\"So\",\"Mo\",\"Die\",\"Mi\",\"Do\",\"Fr\",\"Sa\"],\"weekdaysMin\":[\"So\",\"Mo\",\"Di\",\"Mi\",\"Do\",\"Fr\",\"Sa\"],\"currency_symbol\":\"\",\"beforeForm\":\"\",\"beforeFields\":\"\",\"afterFields\":\"\",\"afterForm\":\"\"};form.fields=[{\"objectType\":\"Field\",\"objectDomain\":\"fields\",\"editActive\":false,\"order\":1,\"label\":\"Vorname\",\"key\":\"vorname_1540810238424\",\"type\":\"firstname\",\"created_at\":\"2018-10-29 10:50:01\",\"label_pos\":\"above\",\"required\":1,\"default\":\"\",\"placeholder\":\"\",\"container_class\":\"one-half first\",\"element_class\":\"\",\"admin_label\":\"\",\"help_text\":\"\",\"desc_text\":\"\",\"desc_pos\":\"\",\"custom_name_attribute\":\"fname\",\"personally_identifiable\":1,\"drawerDisabled\":false,\"value\":\"\",\"id\":17,\"beforeField\":\"\",\"afterField\":\"\",\"parentType\":\"firstname\",\"element_templates\":[\"firstname\",\"input\"],\"old_classname\":\"\",\"wrap_template\":\"wrap\"},{\"objectType\":\"Field\",\"objectDomain\":\"fields\",\"editActive\":false,\"order\":2,\"label\":\"Nachname\",\"key\":\"nachname_1540810246311\",\"type\":\"lastname\",\"created_at\":\"2018-10-29 10:50:01\",\"label_pos\":\"above\",\"required\":1,\"default\":\"\",\"placeholder\":\"\",\"container_class\":\"one-half\",\"element_class\":\"\",\"admin_label\":\"\",\"help_text\":\"\",\"desc_text\":\"\",\"desc_pos\":\"\",\"custom_name_attribute\":\"lname\",\"personally_identifiable\":1,\"value\":\"\",\"id\":18,\"beforeField\":\"\",\"afterField\":\"\",\"parentType\":\"lastname\",\"element_templates\":[\"lastname\",\"input\"],\"old_classname\":\"\",\"wrap_template\":\"wrap\"},{\"objectType\":\"Field\",\"objectDomain\":\"fields\",\"editActive\":false,\"order\":3,\"label\":\"E-Mail\",\"key\":\"e-mail_1540810250247\",\"type\":\"email\",\"created_at\":\"2018-10-29 10:50:01\",\"label_pos\":\"above\",\"required\":1,\"default\":\"\",\"placeholder\":\"\",\"container_class\":\"one-half first\",\"element_class\":\"\",\"admin_label\":\"\",\"help_text\":\"\",\"desc_text\":\"\",\"desc_pos\":\"\",\"custom_name_attribute\":\"email\",\"personally_identifiable\":1,\"value\":\"\",\"id\":19,\"beforeField\":\"\",\"afterField\":\"\",\"parentType\":\"email\",\"element_templates\":[\"email\",\"input\"],\"old_classname\":\"\",\"wrap_template\":\"wrap\"},{\"objectType\":\"Field\",\"objectDomain\":\"fields\",\"editActive\":false,\"order\":4,\"label\":\"Telefon\",\"key\":\"telefon_1540810258326\",\"type\":\"textbox\",\"created_at\":\"2018-10-29 10:50:01\",\"label_pos\":\"above\",\"required\":1,\"placeholder\":\"\",\"default\":\"\",\"container_class\":\"one-half\",\"element_class\":\"\",\"input_limit\":\"\",\"input_limit_type\":\"characters\",\"input_limit_message\":\"Character(s) left\",\"manual_key\":\"\",\"disable_input\":\"\",\"admin_label\":\"\",\"help_text\":\"\",\"desc_text\":\"\",\"desc_pos\":\"\",\"disable_browser_autocomplete\":\"\",\"mask\":\"\",\"custom_mask\":\"\",\"input_limit_msg\":\"verbleibende(s) Zeichen\",\"custom_name_attribute\":\"\",\"personally_identifiable\":\"\",\"drawerDisabled\":false,\"value\":\"\",\"id\":6,\"beforeField\":\"\",\"afterField\":\"\",\"parentType\":\"textbox\",\"element_templates\":[\"textbox\",\"input\"],\"old_classname\":\"\",\"wrap_template\":\"wrap\"},{\"objectType\":\"Field\",\"objectDomain\":\"fields\",\"editActive\":false,\"order\":5,\"type\":\"checkbox\",\"label\":\"W\\u00fcnschen Sie einen R\\u00fcckruf?\",\"key\":\"wuenschen_sie_einen_rueckruf_1556624355889\",\"label_pos\":\"right\",\"required\":false,\"container_class\":\"\",\"element_class\":\"\",\"manual_key\":false,\"admin_label\":\"\",\"help_text\":\"\",\"default_value\":\"unchecked\",\"checked_value\":\"Ausgew\\u00e4hlt\",\"unchecked_value\":\"Nicht ausgew\\u00e4hlt\",\"drawerDisabled\":false,\"id\":32,\"beforeField\":\"\",\"afterField\":\"\",\"value\":\"\",\"parentType\":\"checkbox\",\"element_templates\":[\"checkbox\",\"input\"],\"old_classname\":\"\",\"wrap_template\":\"wrap\"},{\"objectType\":\"Field\",\"objectDomain\":\"fields\",\"editActive\":false,\"order\":6,\"type\":\"textarea\",\"label\":\"Wann sollen wir Sie zur\\u00fcckrufen?\",\"key\":\"wann_sollen_wir_sie_zurueckrufen_1556624463005\",\"label_pos\":\"above\",\"required\":false,\"default\":\"\",\"placeholder\":\"\",\"container_class\":\"\",\"element_class\":\"\",\"input_limit\":\"\",\"input_limit_type\":\"characters\",\"input_limit_msg\":\"Zeichen \\u00fcbrig\",\"manual_key\":false,\"admin_label\":\"\",\"help_text\":\"\",\"textarea_rte\":\"\",\"disable_rte_mobile\":\"\",\"textarea_media\":\"\",\"drawerDisabled\":false,\"value\":\"\",\"id\":33,\"beforeField\":\"\",\"afterField\":\"\",\"parentType\":\"textarea\",\"element_templates\":[\"textarea\",\"input\"],\"old_classname\":\"\",\"wrap_template\":\"wrap\"},{\"objectType\":\"Field\",\"objectDomain\":\"fields\",\"editActive\":false,\"order\":7,\"type\":\"textarea\",\"label\":\"Mitteilung\",\"key\":\"mitteilung_1540810295214\",\"label_pos\":\"above\",\"required\":1,\"default\":\"\",\"placeholder\":\"\",\"container_class\":\"\",\"element_class\":\"\",\"input_limit\":\"\",\"input_limit_type\":\"characters\",\"input_limit_msg\":\"verbleibende(s) Zeichen\",\"manual_key\":false,\"admin_label\":\"\",\"help_text\":\"\",\"textarea_rte\":\"\",\"disable_rte_mobile\":\"\",\"textarea_media\":\"\",\"drawerDisabled\":false,\"value\":\"\",\"id\":20,\"beforeField\":\"\",\"afterField\":\"\",\"parentType\":\"textarea\",\"element_templates\":[\"textarea\",\"input\"],\"old_classname\":\"\",\"wrap_template\":\"wrap\"},{\"objectType\":\"Field\",\"objectDomain\":\"fields\",\"editActive\":false,\"order\":8,\"type\":\"file_upload\",\"label\":\"Foto hochladen\",\"key\":\"foto_hochladen_1540817922967\",\"label_pos\":\"above\",\"required\":0,\"container_class\":\"\",\"element_class\":\"\",\"manual_key\":false,\"help_text\":\"\",\"save_to_server\":1,\"upload_rename\":\"\",\"media_library\":0,\"upload_multi_count\":5,\"max_file_size\":10485760,\"select_files_text\":\"Foto ausw\\u00e4hlen und hochladen\",\"upload_types\":\".jpg,.gif,.png,.pdf,.jpeg\",\"drawerDisabled\":false,\"min_file_size\":0,\"cancel_upload_text\":\"Abbrechen\",\"desc_text\":\"<p style=\\\"text-align: center; \\\">W\\u00e4hlen Sie Fotos aus und laden Sie sie hoch.<br>Akzeptierte Dateitypen: jpg, gif, png, pdf Maximale Dateigr\\u00f6\\u00dfe 10MB<br><\\\/p>\",\"id\":24,\"beforeField\":\"\",\"afterField\":\"\",\"value\":\"\",\"parentType\":\"textbox\",\"element_templates\":[\"file_upload\",\"input\"],\"old_classname\":\"\",\"wrap_template\":\"wrap\",\"max_chunk_size\":283115520,\"max_file_size_mb\":10,\"min_file_size_mb\":0,\"uploadNonce\":\"f9fe117c61\",\"uploadNonceExpiry\":1775334302},{\"objectType\":\"Field\",\"objectDomain\":\"fields\",\"editActive\":false,\"order\":9,\"label\":\"Formular absenden\",\"key\":\"formular_absenden_1541077545758\",\"type\":\"submit\",\"created_at\":\"2018-10-29 10:50:01\",\"processing_label\":\"Processing\",\"container_class\":\"\",\"element_class\":\"\",\"drawerDisabled\":false,\"id\":11,\"beforeField\":\"\",\"afterField\":\"\",\"value\":\"\",\"label_pos\":\"above\",\"parentType\":\"textbox\",\"element_templates\":[\"submit\",\"button\",\"input\"],\"old_classname\":\"\",\"wrap_template\":\"wrap-no-label\"},{\"objectType\":\"Field\",\"objectDomain\":\"fields\",\"editActive\":false,\"order\":10,\"type\":\"hidden\",\"label\":\"Type_formulaire\",\"key\":\"type_formulaire_1763542783258\",\"default\":\"Augmentation mammaire - DE\",\"admin_label\":\"\",\"drawerDisabled\":false,\"id\":69,\"beforeField\":\"\",\"afterField\":\"\",\"value\":\"Augmentation mammaire - DE\",\"label_pos\":\"above\",\"parentType\":\"hidden\",\"element_templates\":[\"hidden\",\"input\"],\"old_classname\":\"\",\"wrap_template\":\"wrap-no-label\"},{\"objectType\":\"Field\",\"objectDomain\":\"fields\",\"editActive\":false,\"order\":11,\"type\":\"hidden\",\"label\":\"gclid\",\"key\":\"gclid_1763540550020\",\"default\":\"{querystring:gclid}\",\"admin_label\":\"\",\"drawerDisabled\":false,\"id\":68,\"beforeField\":\"\",\"afterField\":\"\",\"value\":\"\",\"label_pos\":\"above\",\"parentType\":\"hidden\",\"element_templates\":[\"hidden\",\"input\"],\"old_classname\":\"\",\"wrap_template\":\"wrap-no-label\"}];nfForms.push(form);<\/script>\n        <\/div>\r\n<\/div>","protected":false},"excerpt":{"rendered":"Der Name Bellefontaine ist inspiriert von dem Geb\u00e4ude der Klinik in dessen Eingangshalle sich ein Brunnen aus dem Jahr 1926 befindet. In Bellefontaine bieten wir Ihnen die modernsten Techniken auf dem Gebiet der Medizin und Sch\u00f6nheitschirurgie in einem Zentrum mit h\u00f6chsten Sicherheits- und Qualit\u00e4tsstandards. Die Klinik- und Operationsr\u00e4ume sind FMH anerkannt und zertifiziert. Sie erf\u00fcllen [&hellip;]","protected":false},"author":1,"featured_media":246,"parent":0,"menu_order":0,"comment_status":"closed","ping_status":"closed","template":"","meta":[],"_links":{"self":[{"href":"https:\/\/votreaugmentationmammaire.ch\/de\/wp-json\/wp\/v2\/pages\/229"}],"collection":[{"href":"https:\/\/votreaugmentationmammaire.ch\/de\/wp-json\/wp\/v2\/pages"}],"about":[{"href":"https:\/\/votreaugmentationmammaire.ch\/de\/wp-json\/wp\/v2\/types\/page"}],"author":[{"embeddable":true,"href":"https:\/\/votreaugmentationmammaire.ch\/de\/wp-json\/wp\/v2\/users\/1"}],"replies":[{"embeddable":true,"href":"https:\/\/votreaugmentationmammaire.ch\/de\/wp-json\/wp\/v2\/comments?post=229"}],"version-history":[{"count":43,"href":"https:\/\/votreaugmentationmammaire.ch\/de\/wp-json\/wp\/v2\/pages\/229\/revisions"}],"predecessor-version":[{"id":1706,"href":"https:\/\/votreaugmentationmammaire.ch\/de\/wp-json\/wp\/v2\/pages\/229\/revisions\/1706"}],"wp:featuredmedia":[{"embeddable":true,"href":"https:\/\/votreaugmentationmammaire.ch\/de\/wp-json\/wp\/v2\/media\/246"}],"wp:attachment":[{"href":"https:\/\/votreaugmentationmammaire.ch\/de\/wp-json\/wp\/v2\/media?parent=229"}],"curies":[{"name":"wp","href":"https:\/\/api.w.org\/{rel}","templated":true}]}}