{"id":1923,"date":"2018-11-02T13:42:45","date_gmt":"2018-11-02T13:42:45","guid":{"rendered":"https:\/\/votreaugmentationmammaire.ch\/contact\/"},"modified":"2020-11-09T08:27:47","modified_gmt":"2020-11-09T08:27:47","slug":"contact","status":"publish","type":"page","link":"https:\/\/votreaugmentationmammaire.ch\/en\/contact\/","title":{"rendered":"Contact"},"content":{"rendered":"<div class=\"row\">\r\n<div class=\"col col-md-10 offset-md-1\">\r\n<div class=\"row\">\r\n<div class=\"col-md\">\r\n<div class=\"entry-header--block\">\r\n\r\n<img src=\"https:\/\/votreaugmentationmammaire.ch\/wp-content\/uploads\/2018\/11\/map.png\" alt=\"Ic\u00f4ne de la carte\" \/>\r\n<h3><span style=\"vertical-align: inherit;\"><span style=\"vertical-align: inherit;\">Where are we<\/span><\/span><\/h3>\r\n<span style=\"vertical-align: inherit;\"><span style=\"vertical-align: inherit;\">Belle-Fontaine 2\u00a0<\/span><\/span>\r\n<span style=\"vertical-align: inherit;\"><span style=\"vertical-align: inherit;\">1003 Lausanne<\/span><\/span>\r\n\r\n<\/div>\r\n<\/div>\r\n<div class=\"col-md\">\r\n<div class=\"entry-header--block\">\r\n\r\n<img src=\"https:\/\/votreaugmentationmammaire.ch\/wp-content\/uploads\/2018\/11\/telefon.png\" alt=\"Ic\u00f4ne de t\u00e9l\u00e9phone\" \/>\r\n<h3><span style=\"vertical-align: inherit;\"><span style=\"vertical-align: inherit;\">Call us<\/span><\/span><\/h3>\r\n<span style=\"vertical-align: inherit;\"><span style=\"vertical-align: inherit;\">Call us at<\/span><\/span>\r\n+41 21 601 33 33\r\n\r\n<\/div>\r\n<\/div>\r\n<div class=\"col-md\">\r\n<div class=\"entry-header--block\">\r\n\r\n<img src=\"https:\/\/votreaugmentationmammaire.ch\/wp-content\/uploads\/2018\/11\/email.png\" alt=\"Ic\u00f4ne de courrier \u00e9lectronique\" \/>\r\n<h3><span style=\"vertical-align: inherit;\"><span style=\"vertical-align: inherit;\">Contact per email<\/span><\/span><\/h3>\r\n<span style=\"vertical-align: inherit;\"><span style=\"vertical-align: inherit;\">Send an email to <a href=\"mailto:info@belle-fontaine.ch\">info@belle-fontaine.ch<\/a><\/span><\/span>\r\n\r\n<\/div>\r\n<\/div>\r\n<\/div>\r\n<\/div>\r\n<\/div>\r\n<div class=\"row\">\r\n<div class=\"col\">\r\n<h2>Contact us<\/h2>\r\n<\/div>\r\n<\/div>\r\n\r\n<hr \/>\r\n\r\n<div class=\"row\">\r\n<div class=\"col-md-10 col-lg-8 aligncenter\">\r\n<p class=\"lead \">Do you have any questions or would you like to make an appointment? You can write us your request via our contact form or call us on +41 21 601 33 33. We look forward to your visit!\r\n<\/p>\r\n\r\n<\/div>\r\n<\/div>\r\n<div class=\"row\">\r\n<div class=\"col-md-10 col-lg-8 offset-md-1 offset-lg-2\"><span style=\"vertical-align: inherit;\"><span style=\"vertical-align: inherit;\"><noscript class=\"ninja-forms-noscript-message\">\n    Notice: JavaScript is required for this content.<\/noscript><div id=\"nf-form-6-cont\" class=\"nf-form-cont\" aria-live=\"polite\" aria-labelledby=\"nf-form-title-6\" aria-describedby=\"nf-form-errors-6\" role=\"form\">\n\n    <div class=\"nf-loading-spinner\"><\/div>\n\n<\/div>\n        <!-- TODO: Move to Template File. -->\n        <script>var formDisplay=1;var nfForms=nfForms||[];var form=[];form.id='6';form.settings={\"objectType\":\"Form Setting\",\"editActive\":true,\"title\":\"Contact - EN\",\"created_at\":\"2020-07-08 10:55:56\",\"form_title\":\"Contact - Kopieren\",\"default_label_pos\":\"above\",\"show_title\":\"0\",\"clear_complete\":\"1\",\"hide_complete\":\"0\",\"logged_in\":\"0\",\"key\":\"\",\"currency\":\"usd\",\"wrapper_class\":\"\",\"element_class\":\"\",\"add_submit\":\"0\",\"not_logged_in_msg\":\"\",\"sub_limit_number\":\"\",\"sub_limit_msg\":\"\",\"fieldContentsData\":\"\",\"unique_field_error\":\"A form with this value has already been submitted.\",\"calculations\":[],\"formContentData\":[\"first_name_1594198588484\",\"last_name_1594198593848\",\"email_address_1594198603467\",\"phone_number_1594198608215\",\"would_you_like_us_to_call_you_back_1594198618406\",\"what_time_are_you_reachable_1594198639051\",\"your_message_1594198644968\",\"select_and_upload_photo_1594198652404\",\"submit_form_1594202155844\",\"type_formulaire_1751033287836\",\"gclid_1763540508919\"],\"changeEmailErrorMsg\":\"Please enter a valid email address!\",\"changeDateErrorMsg\":\"Please enter a valid date!\",\"confirmFieldErrorMsg\":\"These fields must match!\",\"fieldNumberNumMinError\":\"Number Min Error\",\"fieldNumberNumMaxError\":\"Number Max Error\",\"fieldNumberIncrementBy\":\"Please increment by \",\"formErrorsCorrectErrors\":\"Please correct errors before submitting this form.\",\"validateRequiredField\":\"This is a required field.\",\"honeypotHoneypotError\":\"Honeypot Error\",\"fieldsMarkedRequired\":\"Fields marked with an <span class=\\\"ninja-forms-req-symbol\\\">*<\\\/span> are required\",\"drawerDisabled\":false,\"conditions\":[{\"collapsed\":false,\"process\":1,\"connector\":\"all\",\"when\":[{\"connector\":\"AND\",\"key\":\"would_you_like_us_to_call_you_back_1594198618406\",\"comparator\":\"equal\",\"value\":\"checked\",\"type\":\"field\",\"modelType\":\"when\"}],\"then\":[{\"key\":\"what_time_are_you_reachable_1594198639051\",\"trigger\":\"show_field\",\"value\":\"\",\"type\":\"field\",\"modelType\":\"then\"}],\"else\":[{\"key\":\"what_time_are_you_reachable_1594198639051\",\"trigger\":\"hide_field\",\"value\":\"\",\"type\":\"field\",\"modelType\":\"else\"}]}],\"allow_public_link\":0,\"embed_form\":\"\",\"ninjaForms\":\"Ninja Forms\",\"fieldTextareaRTEInsertLink\":\"Insert Link\",\"fieldTextareaRTEInsertMedia\":\"Insert Media\",\"fieldTextareaRTESelectAFile\":\"Select a file\",\"formHoneypot\":\"If you are a human seeing this field, please leave it empty.\",\"fileUploadOldCodeFileUploadInProgress\":\"File Upload in Progress.\",\"fileUploadOldCodeFileUpload\":\"FILE UPLOAD\",\"currencySymbol\":\"&#67;&#72;&#70;\",\"thousands_sep\":\",\",\"decimal_point\":\".\",\"siteLocale\":\"en_US\",\"dateFormat\":\"d\\\/m\\\/Y\",\"startOfWeek\":\"1\",\"of\":\"of\",\"previousMonth\":\"Previous Month\",\"nextMonth\":\"Next Month\",\"months\":[\"January\",\"February\",\"March\",\"April\",\"May\",\"June\",\"July\",\"August\",\"September\",\"October\",\"November\",\"December\"],\"monthsShort\":[\"Jan\",\"Feb\",\"Mar\",\"Apr\",\"May\",\"Jun\",\"Jul\",\"Aug\",\"Sep\",\"Oct\",\"Nov\",\"Dec\"],\"weekdays\":[\"Sunday\",\"Monday\",\"Tuesday\",\"Wednesday\",\"Thursday\",\"Friday\",\"Saturday\"],\"weekdaysShort\":[\"Sun\",\"Mon\",\"Tue\",\"Wed\",\"Thu\",\"Fri\",\"Sat\"],\"weekdaysMin\":[\"Su\",\"Mo\",\"Tu\",\"We\",\"Th\",\"Fr\",\"Sa\"],\"currency_symbol\":\"\",\"beforeForm\":\"\",\"beforeFields\":\"\",\"afterFields\":\"\",\"afterForm\":\"\"};form.fields=[{\"objectType\":\"Field\",\"objectDomain\":\"fields\",\"editActive\":false,\"order\":1,\"label_pos\":\"above\",\"required\":1,\"default\":\"\",\"placeholder\":\"\",\"container_class\":\"one-half first\",\"element_class\":\"\",\"admin_label\":\"\",\"help_text\":\"\",\"desc_text\":\"\",\"desc_pos\":\"\",\"label\":\"First name\",\"key\":\"first_name_1594198588484\",\"type\":\"firstname\",\"created_at\":\"2018-10-29 10:50:01\",\"custom_name_attribute\":\"fname\",\"personally_identifiable\":1,\"value\":\"\",\"id\":48,\"beforeField\":\"\",\"afterField\":\"\",\"parentType\":\"firstname\",\"element_templates\":[\"firstname\",\"input\"],\"old_classname\":\"\",\"wrap_template\":\"wrap\"},{\"objectType\":\"Field\",\"objectDomain\":\"fields\",\"editActive\":false,\"order\":2,\"label_pos\":\"above\",\"required\":1,\"default\":\"\",\"placeholder\":\"\",\"container_class\":\"one-half\",\"element_class\":\"\",\"admin_label\":\"\",\"help_text\":\"\",\"desc_text\":\"\",\"desc_pos\":\"\",\"label\":\"Last Name\",\"key\":\"last_name_1594198593848\",\"type\":\"lastname\",\"created_at\":\"2018-10-29 10:50:01\",\"custom_name_attribute\":\"lname\",\"personally_identifiable\":1,\"value\":\"\",\"id\":49,\"beforeField\":\"\",\"afterField\":\"\",\"parentType\":\"lastname\",\"element_templates\":[\"lastname\",\"input\"],\"old_classname\":\"\",\"wrap_template\":\"wrap\"},{\"objectType\":\"Field\",\"objectDomain\":\"fields\",\"editActive\":false,\"order\":3,\"label_pos\":\"above\",\"required\":1,\"default\":\"\",\"placeholder\":\"\",\"container_class\":\"one-half first\",\"element_class\":\"\",\"admin_label\":\"\",\"help_text\":\"\",\"desc_text\":\"\",\"desc_pos\":\"\",\"label\":\"Email address\",\"key\":\"email_address_1594198603467\",\"type\":\"email\",\"created_at\":\"2018-10-29 10:50:01\",\"custom_name_attribute\":\"email\",\"personally_identifiable\":1,\"drawerDisabled\":\"\",\"value\":\"\",\"id\":50,\"beforeField\":\"\",\"afterField\":\"\",\"parentType\":\"email\",\"element_templates\":[\"email\",\"input\"],\"old_classname\":\"\",\"wrap_template\":\"wrap\"},{\"objectType\":\"Field\",\"objectDomain\":\"fields\",\"editActive\":false,\"order\":4,\"label_pos\":\"above\",\"required\":1,\"placeholder\":\"\",\"default\":\"\",\"container_class\":\"one-half\",\"element_class\":\"\",\"input_limit\":\"\",\"input_limit_type\":\"characters\",\"input_limit_message\":\"Character(s) left\",\"manual_key\":\"\",\"disable_input\":\"\",\"admin_label\":\"\",\"help_text\":\"\",\"desc_text\":\"\",\"desc_pos\":\"\",\"disable_browser_autocomplete\":\"\",\"mask\":\"\",\"custom_mask\":\"\",\"label\":\"Phone number\",\"key\":\"phone_number_1594198608215\",\"type\":\"textbox\",\"created_at\":\"2018-10-29 10:50:01\",\"input_limit_msg\":\"verbleibende(s) Zeichen\",\"custom_name_attribute\":\"\",\"personally_identifiable\":\"\",\"drawerDisabled\":\"\",\"value\":\"\",\"id\":46,\"beforeField\":\"\",\"afterField\":\"\",\"parentType\":\"textbox\",\"element_templates\":[\"textbox\",\"input\"],\"old_classname\":\"\",\"wrap_template\":\"wrap\"},{\"objectType\":\"Field\",\"objectDomain\":\"fields\",\"editActive\":false,\"order\":5,\"type\":\"checkbox\",\"label\":\"Would you like us to call you back?\",\"key\":\"would_you_like_us_to_call_you_back_1594198618406\",\"label_pos\":\"right\",\"required\":\"\",\"container_class\":\"\",\"element_class\":\"\",\"manual_key\":\"\",\"admin_label\":\"\",\"help_text\":\"\",\"default_value\":\"unchecked\",\"checked_value\":\"Ausgew\\u00e4hlt\",\"unchecked_value\":\"Nicht ausgew\\u00e4hlt\",\"drawerDisabled\":false,\"checked_calc_value\":\"\",\"unchecked_calc_value\":\"\",\"id\":53,\"beforeField\":\"\",\"afterField\":\"\",\"value\":\"\",\"parentType\":\"checkbox\",\"element_templates\":[\"checkbox\",\"input\"],\"old_classname\":\"\",\"wrap_template\":\"wrap\"},{\"objectType\":\"Field\",\"objectDomain\":\"fields\",\"editActive\":false,\"order\":6,\"type\":\"textarea\",\"label\":\" What time are you reachable? \",\"key\":\"what_time_are_you_reachable_1594198639051\",\"label_pos\":\"above\",\"required\":\"\",\"default\":\"\",\"placeholder\":\"\",\"container_class\":\"\",\"element_class\":\"\",\"input_limit\":\"\",\"input_limit_type\":\"characters\",\"input_limit_msg\":\"Zeichen \\u00fcbrig\",\"manual_key\":\"\",\"admin_label\":\"\",\"help_text\":\"\",\"textarea_rte\":\"\",\"disable_rte_mobile\":\"\",\"textarea_media\":\"\",\"drawerDisabled\":\"\",\"value\":\"\",\"id\":54,\"beforeField\":\"\",\"afterField\":\"\",\"parentType\":\"textarea\",\"element_templates\":[\"textarea\",\"input\"],\"old_classname\":\"\",\"wrap_template\":\"wrap\"},{\"objectType\":\"Field\",\"objectDomain\":\"fields\",\"editActive\":false,\"order\":7,\"type\":\"textarea\",\"label\":\"Your message\",\"key\":\"your_message_1594198644968\",\"label_pos\":\"above\",\"required\":1,\"default\":\"\",\"placeholder\":\"\",\"container_class\":\"\",\"element_class\":\"\",\"input_limit\":\"\",\"input_limit_type\":\"characters\",\"input_limit_msg\":\"verbleibende(s) Zeichen\",\"manual_key\":\"\",\"admin_label\":\"\",\"help_text\":\"\",\"textarea_rte\":\"\",\"disable_rte_mobile\":\"\",\"textarea_media\":\"\",\"drawerDisabled\":\"\",\"value\":\"\",\"id\":51,\"beforeField\":\"\",\"afterField\":\"\",\"parentType\":\"textarea\",\"element_templates\":[\"textarea\",\"input\"],\"old_classname\":\"\",\"wrap_template\":\"wrap\"},{\"objectType\":\"Field\",\"objectDomain\":\"fields\",\"editActive\":false,\"order\":8,\"type\":\"file_upload\",\"label\":\"Select and upload photo\",\"key\":\"select_and_upload_photo_1594198652404\",\"label_pos\":\"above\",\"required\":\"\",\"container_class\":\"\",\"element_class\":\"\",\"manual_key\":\"\",\"help_text\":\"\",\"save_to_server\":1,\"upload_rename\":\"\",\"media_library\":\"false\",\"upload_multi_count\":5,\"max_file_size\":10485760,\"select_files_text\":\"Select and upload photo\",\"upload_types\":\".jpg,.gif,.png,.pdf,.jpeg\",\"drawerDisabled\":false,\"min_file_size\":0,\"cancel_upload_text\":\"File is uploading, click to cancel\",\"desc_text\":\"<p><\\\/p><div style=\\\"text-align: center;\\\"><span>Select and upload photos.<\\\/span><\\\/div><div style=\\\"text-align: center;\\\"><span>Accepted file types:<\\\/span><\\\/div><div style=\\\"text-align: center;\\\"><span>jpg, gif, png, pdf Maximum file size 10MB<\\\/span><\\\/div><p><\\\/p>\",\"id\":52,\"beforeField\":\"\",\"afterField\":\"\",\"value\":\"\",\"parentType\":\"textbox\",\"element_templates\":[\"file_upload\",\"input\"],\"old_classname\":\"\",\"wrap_template\":\"wrap\",\"max_chunk_size\":283115520,\"max_file_size_mb\":10,\"min_file_size_mb\":0,\"uploadNonce\":\"c68dcb63ed\",\"uploadNonceExpiry\":1775340391},{\"objectType\":\"Field\",\"objectDomain\":\"fields\",\"editActive\":false,\"order\":9,\"processing_label\":\"Processing\",\"container_class\":\"\",\"element_class\":\"\",\"label\":\"Submit form\",\"key\":\"submit_form_1594202155844\",\"type\":\"submit\",\"created_at\":\"2018-10-29 10:50:01\",\"drawerDisabled\":false,\"id\":47,\"beforeField\":\"\",\"afterField\":\"\",\"value\":\"\",\"label_pos\":\"above\",\"parentType\":\"textbox\",\"element_templates\":[\"submit\",\"button\",\"input\"],\"old_classname\":\"\",\"wrap_template\":\"wrap-no-label\"},{\"objectType\":\"Field\",\"objectDomain\":\"fields\",\"editActive\":false,\"order\":999,\"type\":\"hidden\",\"label\":\"Type_formulaire\",\"key\":\"type_formulaire_1751033287836\",\"default\":\"Augmentation mammaire\",\"admin_label\":\"\",\"drawerDisabled\":false,\"manual_key\":true,\"id\":65,\"beforeField\":\"\",\"afterField\":\"\",\"value\":\"Augmentation mammaire\",\"label_pos\":\"above\",\"parentType\":\"hidden\",\"element_templates\":[\"hidden\",\"input\"],\"old_classname\":\"\",\"wrap_template\":\"wrap-no-label\"},{\"objectType\":\"Field\",\"objectDomain\":\"fields\",\"editActive\":false,\"order\":999,\"type\":\"hidden\",\"label\":\"gclid\",\"key\":\"gclid_1763540508919\",\"default\":\"{querystring:gclid}\",\"admin_label\":\"\",\"drawerDisabled\":false,\"id\":67,\"beforeField\":\"\",\"afterField\":\"\",\"value\":\"\",\"label_pos\":\"above\",\"parentType\":\"hidden\",\"element_templates\":[\"hidden\",\"input\"],\"old_classname\":\"\",\"wrap_template\":\"wrap-no-label\"}];nfForms.push(form);<\/script>\n        <\/span><\/span><\/div>\r\n<\/div>","protected":false},"excerpt":{"rendered":"Where are we Belle-Fontaine 2\u00a0 1003 Lausanne Call us Call us at +41 21 601 33 33 Contact per email Send an email to info@belle-fontaine.ch Contact us Do you have any questions or would you like to make an appointment? You can write us your request via our contact form or call us on +41 [&hellip;]","protected":false},"author":1,"featured_media":1925,"parent":0,"menu_order":0,"comment_status":"closed","ping_status":"closed","template":"page-contact.php","meta":[],"_links":{"self":[{"href":"https:\/\/votreaugmentationmammaire.ch\/en\/wp-json\/wp\/v2\/pages\/1923"}],"collection":[{"href":"https:\/\/votreaugmentationmammaire.ch\/en\/wp-json\/wp\/v2\/pages"}],"about":[{"href":"https:\/\/votreaugmentationmammaire.ch\/en\/wp-json\/wp\/v2\/types\/page"}],"author":[{"embeddable":true,"href":"https:\/\/votreaugmentationmammaire.ch\/en\/wp-json\/wp\/v2\/users\/1"}],"replies":[{"embeddable":true,"href":"https:\/\/votreaugmentationmammaire.ch\/en\/wp-json\/wp\/v2\/comments?post=1923"}],"version-history":[{"count":3,"href":"https:\/\/votreaugmentationmammaire.ch\/en\/wp-json\/wp\/v2\/pages\/1923\/revisions"}],"predecessor-version":[{"id":1931,"href":"https:\/\/votreaugmentationmammaire.ch\/en\/wp-json\/wp\/v2\/pages\/1923\/revisions\/1931"}],"wp:featuredmedia":[{"embeddable":true,"href":"https:\/\/votreaugmentationmammaire.ch\/en\/wp-json\/wp\/v2\/media\/1925"}],"wp:attachment":[{"href":"https:\/\/votreaugmentationmammaire.ch\/en\/wp-json\/wp\/v2\/media?parent=1923"}],"curies":[{"name":"wp","href":"https:\/\/api.w.org\/{rel}","templated":true}]}}