{"id":873,"date":"2018-12-13T16:00:15","date_gmt":"2018-12-13T16:00:15","guid":{"rendered":"https:\/\/votreaugmentationmammaire.ch\/?page_id=873"},"modified":"2020-07-01T07:18:30","modified_gmt":"2020-07-01T07:18:30","slug":"a-propos-de-nous","status":"publish","type":"page","link":"https:\/\/votreaugmentationmammaire.ch\/fr\/a-propos-de-nous\/","title":{"rendered":"A propos de nous"},"content":{"rendered":"<div class=\"row\">\r\n<div class=\"col-md-10 col-lg-8 aligncenter\">\r\n<p class=\"lead\">Le nom <strong>Bellefontaine<\/strong> est inspir\u00e9 du b\u00e2timent historique de la clinique dont une fontaine coule dans le hall d\u2019entr\u00e9e. A la clinique Bellefontaine, nous vous offrons les techniques les plus modernes dans le domaine de la m\u00e9decine et de la chirurgie plastique et esth\u00e9tique dans un centre avec les plus hauts standards de s\u00e9curit\u00e9 et de qualit\u00e9 certifi\u00e9 par la FMH et par le Service de sant\u00e9 publique de l\u2019Etat de Vaud. Ils r\u00e9pondent aux normes de s\u00e9curit\u00e9 et de qualit\u00e9 les plus \u00e9lev\u00e9es. Situ\u00e9e au centre de Lausanne et Z\u00fcrich, la Clinique Bellefontaine, sous la direction m\u00e9dicale du Dr m\u00e9d. Yann Favre, propose des interventions chirurgicales individuelles en ambulatoire.<\/p>\r\n\r\n<\/div>\r\n<\/div>\r\n<div class=\"row\">\r\n<div class=\"col\">\r\n<h2>L&rsquo;\u00e9quipe\r\nde la Clinique Bellefontaine<\/h2>\r\n<\/div>\r\n<\/div>\r\n\r\n<hr \/>\r\n\r\n<div class=\"row\">\r\n<div class=\"col-md-10 col-lg-8 offset-md-1 offset-lg-2\"><img src=\"https:\/\/votreaugmentationmammaire.ch\/wp-content\/uploads\/2018\/10\/Yann-Favre-Portrait.jpg\" alt=\"\" \/><\/div>\r\n<\/div>\r\n<div class=\"row\" style=\"margin-top: 40px;\">\r\n<div class=\"col-md-3 offset-md-1 offset-lg-2\">\r\n<h3>Dr m\u00e9d. Yann Favre<\/h3>\r\nFMH Chirurgie Plastique et Esth\u00e9tique\r\nEBOPRAS Chirurgie Plastique et Esth\u00e9tique\r\n\r\n<\/div>\r\n<div class=\"col-md-7 col-lg-5\">\r\n\r\nDr m\u00e9d. Yann Favre &#8211; sp\u00e9cialiste FMH &amp; EBOPRAS en chirurgie plastique, reconstructive et esth\u00e9tique est membre de la Soci\u00e9t\u00e9 Suisse de Chirurgie Plastique, Reconstructive et Esth\u00e9tique. L&rsquo;expertise du Dr m\u00e9d. Yann Favre repose sur plus de 13 ann\u00e9es d&rsquo;exp\u00e9rience en Chirurgie Plastique et Esth\u00e9tique dans des cliniques et des h\u00f4pitaux universitaires en Suisse et en Europe. Dr m\u00e9d. Yann Favre op\u00e8re environ 500 op\u00e9rations par an \u00e0 Zurich et Lausanne, avec un accent particulier sur la liposuccion, le lipofilling, l&rsquo;augmentation mammaire, le lifting des paupi\u00e8res, la chirurgie de Mohs et le traitement des rides \u00e0 l\u2019aide de toxine botulique et acide hyaluronique. Afin de garantir un haut niveau de qualit\u00e9, il est n\u00e9cessaire d&rsquo;effectuer r\u00e9guli\u00e8rement les m\u00eames op\u00e9rations. Notre but est de vous aider \u00e0 atteindre l&rsquo;apparence d\u00e9sir\u00e9e dans une atmosph\u00e8re de bien-\u00eatre absolu en utilisant les derni\u00e8res techniques et innovations. Des formations continues r\u00e9guli\u00e8res lors de congr\u00e8s nationaux et internationaux permettent \u00e0 l&rsquo;\u00e9quipe de la clinique Bellefontaine d&rsquo;\u00eatre toujours \u00e0 la pointe de la technologie.\r\n\r\n<\/div>\r\n<\/div>\r\n\r\n<div class=\"row\" style=\"margin-top: 40px;\">\r\n<div class=\"col col-md-5 col-lg-4 offset-md-1 offset-lg-2\">\r\n<img src=\"https:\/\/votreaugmentationmammaire.ch\/wp-content\/uploads\/2018\/10\/Gu\u0308lkan-Sahin.jpg\" alt=\"\" \/>\r\n<\/div>\r\n<div class=\"col col-md-5\">\r\n<h3>G\u00fclkan Sahin<\/h3>\r\nDirectrice op\u00e9rationnelle\r\n<\/div>\r\n<\/div>\r\n\r\n<div class=\"row\" style=\"margin-top: 40px;\">\r\n<div class=\"col col-md-5 col-lg-4 offset-md-1 offset-lg-2\">\r\n<h3>In\u00e8s Lauzet<\/h3>\r\nEsth\u00e9ticienne M\u00e9dicale\r\n<\/div>\r\n\r\n<div class=\"col col-md-5 col-lg-4\">\r\n<img src=\"https:\/\/votreaugmentationmammaire.ch\/wp-content\/uploads\/2020\/06\/ines_lauzet.jpg\" alt=\"\" \/>\r\n<\/div>\r\n<\/div>\r\n\r\n<div class=\"row\" style=\"margin-top: 40px;\">\r\n<div class=\"col col-md-5 col-lg-4 offset-md-1 offset-lg-2\">\r\n<img src=\"https:\/\/votreaugmentationmammaire.ch\/wp-content\/uploads\/2018\/10\/Meret-Gisler.jpg\" alt=\"\" \/>\r\n<\/div>\r\n<div class=\"col col-md-5\">\r\n<h3>Meret Gisler<\/h3>\r\nAssistante m\u00e9dicale\r\n<\/div>\r\n<\/div>\r\n\r\n<div class=\"row\" style=\"margin-top: 40px;\">\r\n<div class=\"col col-md-5 col-lg-4 offset-md-1 offset-lg-2\">\r\n<h3>Nadia N\u00f6tzli<\/h3>\r\nAssistante m\u00e9dicale\r\n<\/div>\r\n<div class=\"col col-md-5 col-lg-4\">\r\n<img src=\"https:\/\/votreaugmentationmammaire.ch\/wp-content\/uploads\/2018\/10\/Nadia-Noetzli-1.jpg\" alt=\"\" \/>\r\n<\/div>\r\n<\/div>\r\n\r\n<div class=\"row\" style=\"margin-top: 40px;\">\r\n<div class=\"col col-md-5 col-lg-4 offset-md-1 offset-lg-2\">\r\n<img src=\"https:\/\/votreaugmentationmammaire.ch\/wp-content\/uploads\/2018\/10\/Denise-Hoxha.jpg\" alt=\"\" \/>\r\n<\/div>\r\n<div class=\"col col-md-5\">\r\n<h3>Denise Neziri<\/h3>\r\nAssistante m\u00e9dicale\r\n<\/div>\r\n<\/div>\r\n\r\n<div class=\"row\" style=\"margin-top: 40px;\">\r\n<div class=\"col col-md-5 col-lg-4 offset-md-1 offset-lg-2\">\r\n<h3>Laura Fraticelli<\/h3>\r\nEsth\u00e9ticienne\r\n<\/div>\r\n<div class=\"col col-md-5 col-lg-4\">\r\n<img src=\"https:\/\/votreaugmentationmammaire.ch\/wp-content\/uploads\/2018\/10\/Lucera-Fraticelli.jpg\"\/>\r\n<\/div>\r\n<\/div>\r\n\r\n<div style=\"display: none;\">\r\n<div class=\"row\" style=\"margin-top: 40px;\">\r\n<div class=\"col col-md-5 col-lg-4 offset-md-1 offset-lg-2\">\r\n<img src=\"https:\/\/votreaugmentationmammaire.ch\/wp-content\/uploads\/2018\/10\/Nicolas-Vasey.jpg\" alt=\"\" \/>\r\n<\/div>\r\n<div class=\"col col-md-5\">\r\n<h3>Dr. med. Nicolas Vasey<\/h3>\r\nFMH Anesth\u00e9siste\r\n<\/div>\r\n<\/div>\r\n\r\n<div class=\"row\" style=\"margin-top: 40px;\">\r\n<div class=\"col col-md-5 col-lg-4 offset-md-1 offset-lg-2\">\r\n<h3>Dr. Giovanni Gaggero<\/h3>\r\nFMH Anesth\u00e9siste\r\n<\/div>\r\n<div class=\"col col-md-5 col-lg-4\">\r\n<img src=\"https:\/\/votreaugmentationmammaire.ch\/wp-content\/uploads\/2018\/10\/Giovanni-Gaggero.jpg\" alt=\"\" \/>\r\n<\/div>\r\n<\/div>\r\n<\/div>\r\n\r\n<div class=\"row\">\r\n<div class=\"col\">\r\n<h2>Nous Contacter<\/h2>\r\n<\/div>\r\n<\/div>\r\n\r\n<hr \/>\r\n\r\n<div class=\"row\">\r\n<div class=\"col-md-6 offset-md-1 offset-lg-3 aligncenter\">\r\n\r\nVous avez des questions ou vous souhaitez prendre rendez-vous? Vous pouvez nous \u00e9crire votre demande via notre formulaire de contact ou nous appeler au +41 21 601 33 33. Nous nous r\u00e9jouissons de votre venue!\r\n\r\n<\/div>\r\n<\/div>\r\n<div class=\"row\">\r\n<div class=\"col-md-10 col-lg-8 offset-md-1 offset-lg-2\"><noscript class=\"ninja-forms-noscript-message\">\n    Remarque\u00a0: JavaScript est requis pour ce contenu.<\/noscript><div id=\"nf-form-3-cont\" class=\"nf-form-cont\" aria-live=\"polite\" aria-labelledby=\"nf-form-title-3\" aria-describedby=\"nf-form-errors-3\" role=\"form\">\n\n    <div class=\"nf-loading-spinner\"><\/div>\n\n<\/div>\n        <!-- TODO: Move to Template File. -->\n        <script>var formDisplay=1;var nfForms=nfForms||[];var form=[];form.id='3';form.settings={\"objectType\":\"Form Setting\",\"editActive\":true,\"title\":\"Contact\",\"created_at\":\"2018-12-13 18:15:45\",\"form_title\":\"Kontakt - Kopieren\",\"default_label_pos\":\"above\",\"show_title\":\"0\",\"clear_complete\":\"1\",\"hide_complete\":\"0\",\"logged_in\":\"0\",\"key\":\"\",\"currency\":\"usd\",\"wrapper_class\":\"\",\"element_class\":\"\",\"add_submit\":\"0\",\"not_logged_in_msg\":\"\",\"sub_limit_number\":\"\",\"sub_limit_msg\":\"\",\"fieldContentsData\":\"\",\"unique_field_error\":\"Un formulaire avec cette valeur a d\\u00e9j\\u00e0 \\u00e9t\\u00e9 soumis.\",\"calculations\":[],\"formContentData\":[\"prenom_1544721379017\",\"nom_de_famille_1544721389526\",\"courriel_1544721396645\",\"telephone_1544721401392\",\"a_quelle_heure_etes-vous_joignable_1556625016170\",\"message_1544721406410\",\"selectionner_et_telecharger_les_photos_1670327978960\",\"envoyer_votre_demande_1670326193405\",\"type_formulaire_1750941786348\",\"gclid_1763540473337\"],\"changeEmailErrorMsg\":\"Veuillez saisir une adresse de messagerie valide. Ex\\u00a0: jean.dupont@gmail.com\",\"changeDateErrorMsg\":\"Veuillez saisir une date valide\\u00a0!\",\"confirmFieldErrorMsg\":\"Ces champs doivent correspondre\\u00a0!\",\"fieldNumberNumMinError\":\"Erreur de nombre min.\",\"fieldNumberNumMaxError\":\"Erreur de nombre max.\",\"fieldNumberIncrementBy\":\"Veuillez incr\\u00e9menter par \",\"formErrorsCorrectErrors\":\"Veuillez corriger les erreurs avant d\\u2019envoyer ce formulaire.\",\"validateRequiredField\":\"Ce champ est obligatoire.\",\"honeypotHoneypotError\":\"Erreur Honeypot\",\"fieldsMarkedRequired\":\"Les champs marqu\\u00e9s d\\u2019un <span class=\\\"ninja-forms-req-symbol\\\">*<\\\/span> sont obligatoires\",\"drawerDisabled\":false,\"conditions\":[],\"allow_public_link\":0,\"embed_form\":\"\",\"ninjaForms\":\"Ninja Forms\",\"fieldTextareaRTEInsertLink\":\"Ins\\u00e9rer un lien\",\"fieldTextareaRTEInsertMedia\":\"Ins\\u00e9rer un m\\u00e9dia\",\"fieldTextareaRTESelectAFile\":\"S\\u00e9lectionnez un fichier\",\"formHoneypot\":\"Si vous \\u00eates un \\u00eatre humain et que vous voyez ce champ, veuillez le laisser vide.\",\"fileUploadOldCodeFileUploadInProgress\":\"T\\u00e9l\\u00e9versement du fichier en cours.\",\"fileUploadOldCodeFileUpload\":\"T\\u00c9L\\u00c9VERSEMENT DE FICHIER\",\"currencySymbol\":\"&#67;&#72;&#70;\",\"thousands_sep\":\"\\u00a0\",\"decimal_point\":\",\",\"siteLocale\":\"fr_FR\",\"dateFormat\":\"d\\\/m\\\/Y\",\"startOfWeek\":\"1\",\"of\":\"sur\",\"previousMonth\":\"Mois pr\\u00e9c\\u00e9dent\",\"nextMonth\":\"Mois suivant\",\"months\":[\"Janvier\",\"F\\u00e9vrier\",\"Mars\",\"Avril\",\"Mai\",\"Juin\",\"Juillet\",\"Ao\\u00fbt\",\"Septembre\",\"Octobre\",\"Novembre\",\"D\\u00e9cembre\"],\"monthsShort\":[\"Jan\",\"F\\u00e9v\",\"Mar\",\"Avr\",\"Mai\",\"Juin\",\"Juil\",\"Ao\\u00fb\",\"Sep\",\"Oct\",\"Nov\",\"D\\u00e9c\"],\"weekdays\":[\"Dimanche\",\"Lundi\",\"Mardi\",\"Mercredi\",\"Jeudi\",\"Vendredi\",\"Samedi\"],\"weekdaysShort\":[\"Dim\",\"Lun\",\"Mar\",\"Mer\",\"Jeu\",\"Ven\",\"Sam\"],\"weekdaysMin\":[\"Di\",\"Lu\",\"Ma\",\"Me\",\"Je\",\"Ve\",\"Sa\"],\"currency_symbol\":\"\",\"beforeForm\":\"\",\"beforeFields\":\"\",\"afterFields\":\"\",\"afterForm\":\"\"};form.fields=[{\"objectType\":\"Field\",\"objectDomain\":\"fields\",\"editActive\":false,\"order\":1,\"label_pos\":\"above\",\"required\":1,\"default\":\"\",\"placeholder\":\"\",\"container_class\":\"one-half first\",\"element_class\":\"\",\"admin_label\":\"\",\"help_text\":\"\",\"desc_text\":\"\",\"desc_pos\":\"\",\"label\":\"Pr\\u00e9nom\",\"key\":\"prenom_1544721379017\",\"type\":\"firstname\",\"created_at\":\"2018-10-29 10:50:01\",\"custom_name_attribute\":\"fname\",\"personally_identifiable\":1,\"value\":\"\",\"drawerDisabled\":false,\"id\":27,\"beforeField\":\"\",\"afterField\":\"\",\"parentType\":\"firstname\",\"element_templates\":[\"firstname\",\"input\"],\"old_classname\":\"\",\"wrap_template\":\"wrap\"},{\"objectType\":\"Field\",\"objectDomain\":\"fields\",\"editActive\":false,\"order\":2,\"label_pos\":\"above\",\"required\":1,\"default\":\"\",\"placeholder\":\"\",\"container_class\":\"one-half\",\"element_class\":\"\",\"admin_label\":\"\",\"help_text\":\"\",\"desc_text\":\"\",\"desc_pos\":\"\",\"label\":\"Nom de famille\",\"key\":\"nom_de_famille_1544721389526\",\"type\":\"lastname\",\"created_at\":\"2018-10-29 10:50:01\",\"custom_name_attribute\":\"lname\",\"personally_identifiable\":1,\"value\":\"\",\"id\":28,\"beforeField\":\"\",\"afterField\":\"\",\"parentType\":\"lastname\",\"element_templates\":[\"lastname\",\"input\"],\"old_classname\":\"\",\"wrap_template\":\"wrap\"},{\"objectType\":\"Field\",\"objectDomain\":\"fields\",\"editActive\":false,\"order\":3,\"label_pos\":\"above\",\"required\":1,\"default\":\"\",\"placeholder\":\"\",\"container_class\":\"one-half first\",\"element_class\":\"\",\"admin_label\":\"\",\"help_text\":\"\",\"desc_text\":\"\",\"desc_pos\":\"\",\"label\":\"Courriel\",\"key\":\"courriel_1544721396645\",\"type\":\"email\",\"created_at\":\"2018-10-29 10:50:01\",\"custom_name_attribute\":\"email\",\"personally_identifiable\":1,\"drawerDisabled\":false,\"value\":\"\",\"id\":29,\"beforeField\":\"\",\"afterField\":\"\",\"parentType\":\"email\",\"element_templates\":[\"email\",\"input\"],\"old_classname\":\"\",\"wrap_template\":\"wrap\"},{\"objectType\":\"Field\",\"objectDomain\":\"fields\",\"editActive\":false,\"order\":4,\"label_pos\":\"above\",\"required\":1,\"placeholder\":\"\",\"default\":\"\",\"container_class\":\"one-half\",\"element_class\":\"\",\"input_limit\":\"\",\"input_limit_type\":\"characters\",\"input_limit_message\":\"Character(s) left\",\"manual_key\":\"\",\"disable_input\":\"\",\"admin_label\":\"\",\"help_text\":\"\",\"desc_text\":\"\",\"desc_pos\":\"\",\"disable_browser_autocomplete\":\"\",\"mask\":\"\",\"custom_mask\":\"\",\"label\":\"T\\u00e9l\\u00e9phone\",\"key\":\"telephone_1544721401392\",\"type\":\"textbox\",\"created_at\":\"2018-10-29 10:50:01\",\"input_limit_msg\":\"verbleibende(s) Zeichen\",\"custom_name_attribute\":\"\",\"personally_identifiable\":\"\",\"drawerDisabled\":false,\"value\":\"\",\"id\":25,\"beforeField\":\"\",\"afterField\":\"\",\"parentType\":\"textbox\",\"element_templates\":[\"textbox\",\"input\"],\"old_classname\":\"\",\"wrap_template\":\"wrap\"},{\"objectType\":\"Field\",\"objectDomain\":\"fields\",\"editActive\":false,\"order\":6,\"type\":\"textarea\",\"label\":\" A quelle heure \\u00eates-vous joignable? \",\"key\":\"a_quelle_heure_etes-vous_joignable_1556625016170\",\"label_pos\":\"above\",\"required\":1,\"default\":\"\",\"placeholder\":\"\",\"container_class\":\"\",\"element_class\":\"\",\"input_limit\":\"\",\"input_limit_type\":\"characters\",\"input_limit_msg\":\"Zeichen \\u00fcbrig\",\"manual_key\":false,\"admin_label\":\"\",\"help_text\":\"\",\"textarea_rte\":\"\",\"disable_rte_mobile\":\"\",\"textarea_media\":\"\",\"drawerDisabled\":false,\"value\":\"\",\"id\":35,\"beforeField\":\"\",\"afterField\":\"\",\"parentType\":\"textarea\",\"element_templates\":[\"textarea\",\"input\"],\"old_classname\":\"\",\"wrap_template\":\"wrap\"},{\"objectType\":\"Field\",\"objectDomain\":\"fields\",\"editActive\":false,\"order\":7,\"type\":\"textarea\",\"label\":\"Message\",\"key\":\"message_1544721406410\",\"label_pos\":\"above\",\"required\":1,\"default\":\"\",\"placeholder\":\"\",\"container_class\":\"\",\"element_class\":\"\",\"input_limit\":\"\",\"input_limit_type\":\"characters\",\"input_limit_msg\":\"verbleibende(s) Zeichen\",\"manual_key\":\"\",\"admin_label\":\"\",\"help_text\":\"\",\"textarea_rte\":\"\",\"disable_rte_mobile\":\"\",\"textarea_media\":\"\",\"drawerDisabled\":\"\",\"value\":\"\",\"id\":30,\"beforeField\":\"\",\"afterField\":\"\",\"parentType\":\"textarea\",\"element_templates\":[\"textarea\",\"input\"],\"old_classname\":\"\",\"wrap_template\":\"wrap\"},{\"objectType\":\"Field\",\"objectDomain\":\"fields\",\"editActive\":false,\"order\":8,\"type\":\"file_upload\",\"label\":\"S\\u00e9lectionner et t\\u00e9l\\u00e9charger les photos.\",\"key\":\"selectionner_et_telecharger_les_photos_1670327978960\",\"label_pos\":\"above\",\"required\":\"\",\"container_class\":\"\",\"element_class\":\"\",\"manual_key\":\"\",\"help_text\":\"\",\"save_to_server\":1,\"upload_rename\":\"\",\"media_library\":\"false\",\"upload_multi_count\":5,\"max_file_size\":10485760,\"select_files_text\":\"S\\u00e9lectionnez des fichiers\",\"upload_types\":\".jpg,.gif,.png,.pdf,.jpeg\",\"drawerDisabled\":false,\"min_file_size\":0,\"cancel_upload_text\":\"Veuillez patienter, le dossier charge\",\"desc_text\":\"<div style=\\\"text-align: center;\\\"><span>Types de fichiers accept\\u00e9s:<\\\/span><\\\/div>\\n<div style=\\\"text-align: center;\\\"><span>jpg, gif, png, pdf<\\\/span><\\\/div>\\n<div style=\\\"text-align: center;\\\"><span>Taille max. des fichiers 10MB<\\\/span><\\\/div>\",\"id\":31,\"beforeField\":\"\",\"afterField\":\"\",\"value\":\"\",\"parentType\":\"textbox\",\"element_templates\":[\"file_upload\",\"input\"],\"old_classname\":\"\",\"wrap_template\":\"wrap\",\"max_chunk_size\":283115520,\"max_file_size_mb\":10,\"min_file_size_mb\":0,\"uploadNonce\":\"6fd6a2bb93\",\"uploadNonceExpiry\":1775340094},{\"objectType\":\"Field\",\"objectDomain\":\"fields\",\"editActive\":false,\"order\":9,\"processing_label\":\"Processing\",\"container_class\":\"\",\"element_class\":\"\",\"label\":\"Envoyer votre demande\",\"key\":\"envoyer_votre_demande_1670326193405\",\"type\":\"submit\",\"created_at\":\"2018-10-29 10:50:01\",\"drawerDisabled\":false,\"id\":26,\"beforeField\":\"\",\"afterField\":\"\",\"value\":\"\",\"label_pos\":\"above\",\"parentType\":\"textbox\",\"element_templates\":[\"submit\",\"button\",\"input\"],\"old_classname\":\"\",\"wrap_template\":\"wrap-no-label\"},{\"objectType\":\"Field\",\"objectDomain\":\"fields\",\"editActive\":false,\"order\":999,\"type\":\"hidden\",\"label\":\"Type_formulaire\",\"key\":\"type_formulaire_1750941786348\",\"default\":\"Augmentation mammaire\",\"admin_label\":\"\",\"drawerDisabled\":false,\"manual_key\":true,\"id\":64,\"beforeField\":\"\",\"afterField\":\"\",\"value\":\"Augmentation mammaire\",\"label_pos\":\"above\",\"parentType\":\"hidden\",\"element_templates\":[\"hidden\",\"input\"],\"old_classname\":\"\",\"wrap_template\":\"wrap-no-label\"},{\"objectType\":\"Field\",\"objectDomain\":\"fields\",\"editActive\":false,\"order\":999,\"type\":\"hidden\",\"label\":\"gclid\",\"key\":\"gclid_1763540473337\",\"default\":\"{querystring:gclid}\",\"admin_label\":\"\",\"drawerDisabled\":false,\"id\":66,\"beforeField\":\"\",\"afterField\":\"\",\"value\":\"\",\"label_pos\":\"above\",\"parentType\":\"hidden\",\"element_templates\":[\"hidden\",\"input\"],\"old_classname\":\"\",\"wrap_template\":\"wrap-no-label\"}];nfForms.push(form);<\/script>\n        <\/div>\r\n<\/div>","protected":false},"excerpt":{"rendered":"Le nom Bellefontaine est inspir\u00e9 du b\u00e2timent historique de la clinique dont une fontaine coule dans le hall d\u2019entr\u00e9e. A la clinique Bellefontaine, nous vous offrons les techniques les plus modernes dans le domaine de la m\u00e9decine et de la chirurgie plastique et esth\u00e9tique dans un centre avec les plus hauts standards de s\u00e9curit\u00e9 et [&hellip;]","protected":false},"author":1,"featured_media":820,"parent":0,"menu_order":0,"comment_status":"closed","ping_status":"closed","template":"","meta":[],"_links":{"self":[{"href":"https:\/\/votreaugmentationmammaire.ch\/fr\/wp-json\/wp\/v2\/pages\/873"}],"collection":[{"href":"https:\/\/votreaugmentationmammaire.ch\/fr\/wp-json\/wp\/v2\/pages"}],"about":[{"href":"https:\/\/votreaugmentationmammaire.ch\/fr\/wp-json\/wp\/v2\/types\/page"}],"author":[{"embeddable":true,"href":"https:\/\/votreaugmentationmammaire.ch\/fr\/wp-json\/wp\/v2\/users\/1"}],"replies":[{"embeddable":true,"href":"https:\/\/votreaugmentationmammaire.ch\/fr\/wp-json\/wp\/v2\/comments?post=873"}],"version-history":[{"count":12,"href":"https:\/\/votreaugmentationmammaire.ch\/fr\/wp-json\/wp\/v2\/pages\/873\/revisions"}],"predecessor-version":[{"id":1707,"href":"https:\/\/votreaugmentationmammaire.ch\/fr\/wp-json\/wp\/v2\/pages\/873\/revisions\/1707"}],"wp:featuredmedia":[{"embeddable":true,"href":"https:\/\/votreaugmentationmammaire.ch\/fr\/wp-json\/wp\/v2\/media\/820"}],"wp:attachment":[{"href":"https:\/\/votreaugmentationmammaire.ch\/fr\/wp-json\/wp\/v2\/media?parent=873"}],"curies":[{"name":"wp","href":"https:\/\/api.w.org\/{rel}","templated":true}]}}